{"id":680,"date":"2024-08-27T13:06:19","date_gmt":"2024-08-27T16:06:19","guid":{"rendered":"http:\/\/amaralematos.webnginx15f01.uni5.net\/?page_id=680"},"modified":"2024-09-14T13:32:22","modified_gmt":"2024-09-14T16:32:22","slug":"consultoria-e-assessoria-juridica","status":"publish","type":"page","link":"https:\/\/amaralematos.adv.br\/?page_id=680","title":{"rendered":"Consultoria e Assessoria Jur\u00eddica"},"content":{"rendered":"\t\t<div data-elementor-type=\"wp-page\" data-elementor-id=\"680\" class=\"elementor elementor-680\" data-elementor-settings=\"[]\">\n\t\t\t\t\t\t\t<div class=\"elementor-section-wrap\">\n\t\t\t\t\t\t\t<section class=\"elementor-section elementor-top-section elementor-element elementor-element-cc1809a elementor-section-boxed elementor-section-height-default elementor-section-height-default\" data-id=\"cc1809a\" data-element_type=\"section\" data-settings=\"{&quot;background_background&quot;:&quot;classic&quot;}\">\n\t\t\t\t\t\t<div class=\"elementor-container elementor-column-gap-default\">\n\t\t\t\t\t<div class=\"elementor-column elementor-col-50 elementor-top-column elementor-element elementor-element-c4d36cd\" data-id=\"c4d36cd\" data-element_type=\"column\">\n\t\t\t<div class=\"elementor-widget-wrap elementor-element-populated\">\n\t\t\t\t\t\t\t\t<div class=\"elementor-element elementor-element-ccaeb78 elementor-invisible elementor-widget elementor-widget-image\" data-id=\"ccaeb78\" data-element_type=\"widget\" data-settings=\"{&quot;_animation&quot;:&quot;fadeInRight&quot;}\" data-widget_type=\"image.default\">\n\t\t\t\t<div class=\"elementor-widget-container\">\n\t\t\t\t\t\t\t\t\t\t\t\t\t\t\t<img loading=\"lazy\" decoding=\"async\" width=\"700\" height=\"400\" src=\"https:\/\/amaralematos.adv.br\/wp-content\/uploads\/2024\/08\/3.jpg\" class=\"attachment-large size-large\" alt=\"\" srcset=\"https:\/\/amaralematos.adv.br\/wp-content\/uploads\/2024\/08\/3.jpg 700w, https:\/\/amaralematos.adv.br\/wp-content\/uploads\/2024\/08\/3-300x171.jpg 300w\" sizes=\"auto, (max-width: 700px) 100vw, 700px\" \/>\t\t\t\t\t\t\t\t\t\t\t\t\t\t\t<\/div>\n\t\t\t\t<\/div>\n\t\t\t\t\t<\/div>\n\t\t<\/div>\n\t\t\t\t<div class=\"elementor-column elementor-col-50 elementor-top-column elementor-element elementor-element-5697beb\" data-id=\"5697beb\" data-element_type=\"column\">\n\t\t\t<div class=\"elementor-widget-wrap elementor-element-populated\">\n\t\t\t\t\t\t\t\t<div class=\"elementor-element elementor-element-49014ba elementor-invisible elementor-widget elementor-widget-text-editor\" data-id=\"49014ba\" data-element_type=\"widget\" data-settings=\"{&quot;_animation&quot;:&quot;fadeIn&quot;}\" data-widget_type=\"text-editor.default\">\n\t\t\t\t<div class=\"elementor-widget-container\">\n\t\t\t\t\t\t\t\t<p>Orienta\u00e7\u00e3o especializada e suporte jur\u00eddico cont\u00ednuo para indiv\u00edduos, empresas e organiza\u00e7\u00f5es, com objetivo de prevenir conflitos, garantir a conformidade com a legisla\u00e7\u00e3o vigente e apoiar na tomada de decis\u00f5es estrat\u00e9gicas.<\/p><p>A Consultoria Jur\u00eddica envolve a an\u00e1lise detalhada de situa\u00e7\u00f5es espec\u00edficas ou rotineiras, oferecendo pareceres e orienta\u00e7\u00f5es para evitar riscos legais e maximizar a seguran\u00e7a jur\u00eddica nas decis\u00f5es e a\u00e7\u00f5es do cliente, sendo essencial para antecipar problemas e garantir que todas as opera\u00e7\u00f5es estejam de acordo com a lei.<\/p><p>A Assessoria Jur\u00eddica refere-se ao acompanhamento cont\u00ednuo e personalizado nas quest\u00f5es legais do dia a dia. Inclui a elabora\u00e7\u00e3o e revis\u00e3o de documentos, como contratos e acordos, a participa\u00e7\u00e3o em negocia\u00e7\u00f5es e a representa\u00e7\u00e3o do cliente perante \u00f3rg\u00e3os p\u00fablicos ou privados, sempre com foco na resolu\u00e7\u00e3o de quest\u00f5es jur\u00eddicas de forma eficaz e preventiva.<\/p>\t\t\t\t\t\t<\/div>\n\t\t\t\t<\/div>\n\t\t\t\t\t<\/div>\n\t\t<\/div>\n\t\t\t\t\t\t\t<\/div>\n\t\t<\/section>\n\t\t\t\t<section class=\"elementor-section elementor-top-section elementor-element elementor-element-af03ebc elementor-section-boxed elementor-section-height-default elementor-section-height-default\" data-id=\"af03ebc\" data-element_type=\"section\" data-settings=\"{&quot;background_background&quot;:&quot;classic&quot;}\">\n\t\t\t\t\t\t<div class=\"elementor-container elementor-column-gap-default\">\n\t\t\t\t\t<div class=\"elementor-column elementor-col-100 elementor-top-column elementor-element elementor-element-0cff558\" data-id=\"0cff558\" data-element_type=\"column\">\n\t\t\t<div class=\"elementor-widget-wrap elementor-element-populated\">\n\t\t\t\t\t\t\t\t<div class=\"elementor-element elementor-element-38e9073 elementor-invisible elementor-widget elementor-widget-text-editor\" data-id=\"38e9073\" data-element_type=\"widget\" data-settings=\"{&quot;_animation&quot;:&quot;zoomIn&quot;}\" data-widget_type=\"text-editor.default\">\n\t\t\t\t<div class=\"elementor-widget-container\">\n\t\t\t\t\t\t\t\t<p>Atua\u00e7\u00e3o<\/p>\t\t\t\t\t\t<\/div>\n\t\t\t\t<\/div>\n\t\t\t\t<div class=\"elementor-element elementor-element-9a01035 elementor-skin-coverflow elementor-arrows-yes elementor-pagination-type-bullets elementor-pagination-position-outside elementor-invisible elementor-widget elementor-widget-media-carousel\" data-id=\"9a01035\" data-element_type=\"widget\" data-settings=\"{&quot;skin&quot;:&quot;coverflow&quot;,&quot;_animation&quot;:&quot;zoomIn&quot;,&quot;show_arrows&quot;:&quot;yes&quot;,&quot;pagination&quot;:&quot;bullets&quot;,&quot;speed&quot;:500,&quot;autoplay&quot;:&quot;yes&quot;,&quot;autoplay_speed&quot;:5000,&quot;loop&quot;:&quot;yes&quot;,&quot;pause_on_hover&quot;:&quot;yes&quot;,&quot;pause_on_interaction&quot;:&quot;yes&quot;,&quot;space_between&quot;:{&quot;unit&quot;:&quot;px&quot;,&quot;size&quot;:10,&quot;sizes&quot;:[]},&quot;space_between_tablet&quot;:{&quot;unit&quot;:&quot;px&quot;,&quot;size&quot;:10,&quot;sizes&quot;:[]},&quot;space_between_mobile&quot;:{&quot;unit&quot;:&quot;px&quot;,&quot;size&quot;:10,&quot;sizes&quot;:[]}}\" data-widget_type=\"media-carousel.default\">\n\t\t\t\t<div class=\"elementor-widget-container\">\n\t\t\t\t\t<div class=\"elementor-swiper\">\n\t\t\t<div class=\"elementor-main-swiper swiper-container\">\n\t\t\t\t<div class=\"swiper-wrapper\">\n\t\t\t\t\t\t\t\t\t\t\t<div class=\"swiper-slide\">\n\t\t\t\t\t\t\t<a href=\"https:\/\/www.amaralematos.adv.br\/?page_id=404\">\t\t<div class=\"elementor-carousel-image\" style=\"background-image: url(https:\/\/amaralematos.adv.br\/wp-content\/uploads\/2024\/08\/1-1.jpg)\">\n\t\t\t\t\t<\/div>\n\t\t<\/a>\t\t\t\t\t\t<\/div>\n\t\t\t\t\t\t\t\t\t\t\t<div class=\"swiper-slide\">\n\t\t\t\t\t\t\t<a href=\"https:\/\/www.amaralematos.adv.br\/\/?page_id=437\">\t\t<div class=\"elementor-carousel-image\" style=\"background-image: url(https:\/\/amaralematos.adv.br\/wp-content\/uploads\/2024\/08\/2.jpg)\">\n\t\t\t\t\t<\/div>\n\t\t<\/a>\t\t\t\t\t\t<\/div>\n\t\t\t\t\t\t\t\t\t\t\t<div class=\"swiper-slide\">\n\t\t\t\t\t\t\t<a href=\"https:\/\/www.amaralematos.adv.br\/?page_id=686\">\t\t<div class=\"elementor-carousel-image\" style=\"background-image: url(https:\/\/amaralematos.adv.br\/wp-content\/uploads\/2024\/08\/4.jpg)\">\n\t\t\t\t\t<\/div>\n\t\t<\/a>\t\t\t\t\t\t<\/div>\n\t\t\t\t\t\t\t\t\t\t\t<div class=\"swiper-slide\">\n\t\t\t\t\t\t\t<a href=\"https:\/\/www.amaralematos.adv.br\/?page_id=693\">\t\t<div class=\"elementor-carousel-image\" style=\"background-image: url(https:\/\/amaralematos.adv.br\/wp-content\/uploads\/2024\/08\/5.jpg)\">\n\t\t\t\t\t<\/div>\n\t\t<\/a>\t\t\t\t\t\t<\/div>\n\t\t\t\t\t\t\t\t\t\t\t<div class=\"swiper-slide\">\n\t\t\t\t\t\t\t<a href=\"https:\/\/www.amaralematos.adv.br\/?page_id=701\">\t\t<div class=\"elementor-carousel-image\" style=\"background-image: url(https:\/\/amaralematos.adv.br\/wp-content\/uploads\/2024\/08\/6.jpg)\">\n\t\t\t\t\t<\/div>\n\t\t<\/a>\t\t\t\t\t\t<\/div>\n\t\t\t\t\t\t\t\t\t\t\t<div class=\"swiper-slide\">\n\t\t\t\t\t\t\t<a href=\"https:\/\/www.amaralematos.adv.br\/?page_id=709\">\t\t<div class=\"elementor-carousel-image\" style=\"background-image: url(https:\/\/amaralematos.adv.br\/wp-content\/uploads\/2024\/08\/7.jpg)\">\n\t\t\t\t\t<\/div>\n\t\t<\/a>\t\t\t\t\t\t<\/div>\n\t\t\t\t\t\t\t\t\t\t\t<div class=\"swiper-slide\">\n\t\t\t\t\t\t\t<a href=\"https:\/\/www.amaralematos.adv.br\/?page_id=718\">\t\t<div class=\"elementor-carousel-image\" style=\"background-image: url(https:\/\/amaralematos.adv.br\/wp-content\/uploads\/2024\/08\/8.jpg)\">\n\t\t\t\t\t<\/div>\n\t\t<\/a>\t\t\t\t\t\t<\/div>\n\t\t\t\t\t\t\t\t\t\t\t<div class=\"swiper-slide\">\n\t\t\t\t\t\t\t<a href=\"https:\/\/www.amaralematos.adv.br\/?page_id=723\">\t\t<div class=\"elementor-carousel-image\" style=\"background-image: url(https:\/\/amaralematos.adv.br\/wp-content\/uploads\/2024\/08\/9.jpg)\">\n\t\t\t\t\t<\/div>\n\t\t<\/a>\t\t\t\t\t\t<\/div>\n\t\t\t\t\t\t\t\t\t\t\t<div class=\"swiper-slide\">\n\t\t\t\t\t\t\t<a href=\"https:\/\/www.amaralematos.adv.br\/?page_id=404\">\t\t<div class=\"elementor-carousel-image\" style=\"background-image: url(https:\/\/amaralematos.adv.br\/wp-content\/uploads\/2024\/08\/10.jpg)\">\n\t\t\t\t\t<\/div>\n\t\t<\/a>\t\t\t\t\t\t<\/div>\n\t\t\t\t\t\t\t\t\t\t\t<div class=\"swiper-slide\">\n\t\t\t\t\t\t\t<a href=\"https:\/\/www.amaralematos.adv.br\/?page_id=728\">\t\t<div class=\"elementor-carousel-image\" style=\"background-image: url(https:\/\/amaralematos.adv.br\/wp-content\/uploads\/2024\/08\/11.jpg)\">\n\t\t\t\t\t<\/div>\n\t\t<\/a>\t\t\t\t\t\t<\/div>\n\t\t\t\t\t\t\t\t\t<\/div>\n\t\t\t\t\t\t\t\t\t\t\t\t\t\t\t<div class=\"swiper-pagination\"><\/div>\n\t\t\t\t\t\t\t\t\t\t\t\t\t\t\t\t<div class=\"elementor-swiper-button elementor-swiper-button-prev\">\n\t\t\t\t\t\t\t<i class=\"eicon-chevron-left\" aria-hidden=\"true\"><\/i>\n\t\t\t\t\t\t\t<span class=\"elementor-screen-only\">Previous<\/span>\n\t\t\t\t\t\t<\/div>\n\t\t\t\t\t\t<div class=\"elementor-swiper-button elementor-swiper-button-next\">\n\t\t\t\t\t\t\t<i class=\"eicon-chevron-right\" aria-hidden=\"true\"><\/i>\n\t\t\t\t\t\t\t<span class=\"elementor-screen-only\">Next<\/span>\n\t\t\t\t\t\t<\/div>\n\t\t\t\t\t\t\t\t\t\t\t\t<\/div>\n\t\t<\/div>\n\t\t\t\t<\/div>\n\t\t\t\t<\/div>\n\t\t\t\t\t<\/div>\n\t\t<\/div>\n\t\t\t\t\t\t\t<\/div>\n\t\t<\/section>\n\t\t\t\t\t\t<\/div>\n\t\t\t\t\t<\/div>\n\t\t","protected":false},"excerpt":{"rendered":"<p>Orienta\u00e7\u00e3o especializada e suporte jur\u00eddico cont\u00ednuo para indiv\u00edduos, empresas e organiza\u00e7\u00f5es, com objetivo de prevenir conflitos, garantir a conformidade com a legisla\u00e7\u00e3o vigente e apoiar na tomada de decis\u00f5es estrat\u00e9gicas. A Consultoria Jur\u00eddica envolve a an\u00e1lise detalhada de situa\u00e7\u00f5es espec\u00edficas ou rotineiras, oferecendo pareceres e orienta\u00e7\u00f5es para evitar riscos legais e maximizar a seguran\u00e7a jur\u00eddica [&hellip;]<\/p>\n","protected":false},"author":1,"featured_media":0,"parent":0,"menu_order":0,"comment_status":"closed","ping_status":"closed","template":"","meta":{"footnotes":""},"class_list":["post-680","page","type-page","status-publish","hentry"],"_links":{"self":[{"href":"https:\/\/amaralematos.adv.br\/index.php?rest_route=\/wp\/v2\/pages\/680","targetHints":{"allow":["GET"]}}],"collection":[{"href":"https:\/\/amaralematos.adv.br\/index.php?rest_route=\/wp\/v2\/pages"}],"about":[{"href":"https:\/\/amaralematos.adv.br\/index.php?rest_route=\/wp\/v2\/types\/page"}],"author":[{"embeddable":true,"href":"https:\/\/amaralematos.adv.br\/index.php?rest_route=\/wp\/v2\/users\/1"}],"replies":[{"embeddable":true,"href":"https:\/\/amaralematos.adv.br\/index.php?rest_route=%2Fwp%2Fv2%2Fcomments&post=680"}],"version-history":[{"count":16,"href":"https:\/\/amaralematos.adv.br\/index.php?rest_route=\/wp\/v2\/pages\/680\/revisions"}],"predecessor-version":[{"id":928,"href":"https:\/\/amaralematos.adv.br\/index.php?rest_route=\/wp\/v2\/pages\/680\/revisions\/928"}],"wp:attachment":[{"href":"https:\/\/amaralematos.adv.br\/index.php?rest_route=%2Fwp%2Fv2%2Fmedia&parent=680"}],"curies":[{"name":"wp","href":"https:\/\/api.w.org\/{rel}","templated":true}]}}