{"id":693,"date":"2024-08-27T16:19:05","date_gmt":"2024-08-27T19:19:05","guid":{"rendered":"http:\/\/amaralematos.webnginx15f01.uni5.net\/?page_id=693"},"modified":"2024-09-14T13:35:17","modified_gmt":"2024-09-14T16:35:17","slug":"direito-de-familia","status":"publish","type":"page","link":"https:\/\/amaralematos.adv.br\/?page_id=693","title":{"rendered":"Direito de Fam\u00edlia"},"content":{"rendered":"\t\t<div data-elementor-type=\"wp-page\" data-elementor-id=\"693\" class=\"elementor elementor-693\" data-elementor-settings=\"[]\">\n\t\t\t\t\t\t\t<div class=\"elementor-section-wrap\">\n\t\t\t\t\t\t\t<section class=\"elementor-section elementor-top-section elementor-element elementor-element-a722a58 elementor-section-boxed elementor-section-height-default elementor-section-height-default\" data-id=\"a722a58\" data-element_type=\"section\" data-settings=\"{&quot;background_background&quot;:&quot;classic&quot;}\">\n\t\t\t\t\t\t<div class=\"elementor-container elementor-column-gap-default\">\n\t\t\t\t\t<div class=\"elementor-column elementor-col-50 elementor-top-column elementor-element elementor-element-f53fe20\" data-id=\"f53fe20\" data-element_type=\"column\">\n\t\t\t<div class=\"elementor-widget-wrap elementor-element-populated\">\n\t\t\t\t\t\t\t\t<div class=\"elementor-element elementor-element-5402de0 elementor-invisible elementor-widget elementor-widget-image\" data-id=\"5402de0\" data-element_type=\"widget\" data-settings=\"{&quot;_animation&quot;:&quot;fadeInLeft&quot;}\" data-widget_type=\"image.default\">\n\t\t\t\t<div class=\"elementor-widget-container\">\n\t\t\t\t\t\t\t\t\t\t\t\t\t\t\t<img loading=\"lazy\" decoding=\"async\" width=\"700\" height=\"400\" src=\"https:\/\/amaralematos.adv.br\/wp-content\/uploads\/2024\/08\/5.jpg\" class=\"attachment-large size-large\" alt=\"\" srcset=\"https:\/\/amaralematos.adv.br\/wp-content\/uploads\/2024\/08\/5.jpg 700w, https:\/\/amaralematos.adv.br\/wp-content\/uploads\/2024\/08\/5-300x171.jpg 300w\" sizes=\"auto, (max-width: 700px) 100vw, 700px\" \/>\t\t\t\t\t\t\t\t\t\t\t\t\t\t\t<\/div>\n\t\t\t\t<\/div>\n\t\t\t\t\t<\/div>\n\t\t<\/div>\n\t\t\t\t<div class=\"elementor-column elementor-col-50 elementor-top-column elementor-element elementor-element-7b048bb\" data-id=\"7b048bb\" data-element_type=\"column\">\n\t\t\t<div class=\"elementor-widget-wrap elementor-element-populated\">\n\t\t\t\t\t\t\t\t<div class=\"elementor-element elementor-element-f27fcdb elementor-invisible elementor-widget elementor-widget-text-editor\" data-id=\"f27fcdb\" data-element_type=\"widget\" data-settings=\"{&quot;_animation&quot;:&quot;fadeIn&quot;}\" data-widget_type=\"text-editor.default\">\n\t\t\t\t<div class=\"elementor-widget-container\">\n\t\t\t\t\t\t\t\t<p>Assessoria e representa\u00e7\u00e3o em casos de div\u00f3rcio amig\u00e1vel ou litigioso (extrajudiciais ou judicial), guarda de filhos, regulamenta\u00e7\u00e3o de visitas, pens\u00e3o aliment\u00edcia, partilha de bens, reconhecimento e dissolu\u00e7\u00e3o de uni\u00e3o est\u00e1vel, e outras quest\u00f5es familiares.<br \/>Realiza\u00e7\u00e3o de Planejamento Sucess\u00f3rio com estrat\u00e9gias jur\u00eddicas para organizar a transfer\u00eancia de bens e direitos de forma eficiente e segura, prevenindo lit\u00edgios futuros.<\/p>\t\t\t\t\t\t<\/div>\n\t\t\t\t<\/div>\n\t\t\t\t\t<\/div>\n\t\t<\/div>\n\t\t\t\t\t\t\t<\/div>\n\t\t<\/section>\n\t\t\t\t<section class=\"elementor-section elementor-top-section elementor-element elementor-element-887553b elementor-section-boxed elementor-section-height-default elementor-section-height-default\" data-id=\"887553b\" data-element_type=\"section\" data-settings=\"{&quot;background_background&quot;:&quot;classic&quot;}\">\n\t\t\t\t\t\t<div class=\"elementor-container elementor-column-gap-default\">\n\t\t\t\t\t<div class=\"elementor-column elementor-col-100 elementor-top-column elementor-element elementor-element-ac66ba9\" data-id=\"ac66ba9\" data-element_type=\"column\">\n\t\t\t<div class=\"elementor-widget-wrap elementor-element-populated\">\n\t\t\t\t\t\t\t\t<div class=\"elementor-element elementor-element-90c6eb6 elementor-invisible elementor-widget elementor-widget-text-editor\" data-id=\"90c6eb6\" data-element_type=\"widget\" data-settings=\"{&quot;_animation&quot;:&quot;zoomIn&quot;}\" data-widget_type=\"text-editor.default\">\n\t\t\t\t<div class=\"elementor-widget-container\">\n\t\t\t\t\t\t\t\t<p>Atua\u00e7\u00e3o<\/p>\t\t\t\t\t\t<\/div>\n\t\t\t\t<\/div>\n\t\t\t\t<div class=\"elementor-element elementor-element-be179d0 elementor-skin-coverflow elementor-arrows-yes elementor-pagination-type-bullets elementor-pagination-position-outside elementor-invisible elementor-widget elementor-widget-media-carousel\" data-id=\"be179d0\" data-element_type=\"widget\" data-settings=\"{&quot;skin&quot;:&quot;coverflow&quot;,&quot;_animation&quot;:&quot;zoomIn&quot;,&quot;show_arrows&quot;:&quot;yes&quot;,&quot;pagination&quot;:&quot;bullets&quot;,&quot;speed&quot;:500,&quot;autoplay&quot;:&quot;yes&quot;,&quot;autoplay_speed&quot;:5000,&quot;loop&quot;:&quot;yes&quot;,&quot;pause_on_hover&quot;:&quot;yes&quot;,&quot;pause_on_interaction&quot;:&quot;yes&quot;,&quot;space_between&quot;:{&quot;unit&quot;:&quot;px&quot;,&quot;size&quot;:10,&quot;sizes&quot;:[]},&quot;space_between_tablet&quot;:{&quot;unit&quot;:&quot;px&quot;,&quot;size&quot;:10,&quot;sizes&quot;:[]},&quot;space_between_mobile&quot;:{&quot;unit&quot;:&quot;px&quot;,&quot;size&quot;:10,&quot;sizes&quot;:[]}}\" data-widget_type=\"media-carousel.default\">\n\t\t\t\t<div class=\"elementor-widget-container\">\n\t\t\t\t\t<div class=\"elementor-swiper\">\n\t\t\t<div class=\"elementor-main-swiper swiper-container\">\n\t\t\t\t<div class=\"swiper-wrapper\">\n\t\t\t\t\t\t\t\t\t\t\t<div class=\"swiper-slide\">\n\t\t\t\t\t\t\t<a href=\"https:\/\/www.amaralematos.adv.br\/?page_id=404\">\t\t<div class=\"elementor-carousel-image\" style=\"background-image: url(https:\/\/amaralematos.adv.br\/wp-content\/uploads\/2024\/08\/1-1.jpg)\">\n\t\t\t\t\t<\/div>\n\t\t<\/a>\t\t\t\t\t\t<\/div>\n\t\t\t\t\t\t\t\t\t\t\t<div class=\"swiper-slide\">\n\t\t\t\t\t\t\t<a href=\"https:\/\/www.amaralematos.adv.br\/\/?page_id=437\">\t\t<div class=\"elementor-carousel-image\" style=\"background-image: url(https:\/\/amaralematos.adv.br\/wp-content\/uploads\/2024\/08\/2.jpg)\">\n\t\t\t\t\t<\/div>\n\t\t<\/a>\t\t\t\t\t\t<\/div>\n\t\t\t\t\t\t\t\t\t\t\t<div class=\"swiper-slide\">\n\t\t\t\t\t\t\t<a href=\"https:\/\/www.amaralematos.adv.br\/?page_id=680\">\t\t<div class=\"elementor-carousel-image\" style=\"background-image: url(https:\/\/amaralematos.adv.br\/wp-content\/uploads\/2024\/08\/3.jpg)\">\n\t\t\t\t\t<\/div>\n\t\t<\/a>\t\t\t\t\t\t<\/div>\n\t\t\t\t\t\t\t\t\t\t\t<div class=\"swiper-slide\">\n\t\t\t\t\t\t\t<a href=\"https:\/\/www.amaralematos.adv.br\/?page_id=686\">\t\t<div class=\"elementor-carousel-image\" style=\"background-image: url(https:\/\/amaralematos.adv.br\/wp-content\/uploads\/2024\/08\/4.jpg)\">\n\t\t\t\t\t<\/div>\n\t\t<\/a>\t\t\t\t\t\t<\/div>\n\t\t\t\t\t\t\t\t\t\t\t<div class=\"swiper-slide\">\n\t\t\t\t\t\t\t<a href=\"https:\/\/www.amaralematos.adv.br\/?page_id=701\">\t\t<div class=\"elementor-carousel-image\" style=\"background-image: url(https:\/\/amaralematos.adv.br\/wp-content\/uploads\/2024\/08\/6.jpg)\">\n\t\t\t\t\t<\/div>\n\t\t<\/a>\t\t\t\t\t\t<\/div>\n\t\t\t\t\t\t\t\t\t\t\t<div class=\"swiper-slide\">\n\t\t\t\t\t\t\t<a href=\"https:\/\/www.amaralematos.adv.br\/?page_id=709\">\t\t<div class=\"elementor-carousel-image\" style=\"background-image: url(https:\/\/amaralematos.adv.br\/wp-content\/uploads\/2024\/08\/7.jpg)\">\n\t\t\t\t\t<\/div>\n\t\t<\/a>\t\t\t\t\t\t<\/div>\n\t\t\t\t\t\t\t\t\t\t\t<div class=\"swiper-slide\">\n\t\t\t\t\t\t\t<a href=\"https:\/\/www.amaralematos.adv.br\/?page_id=718\">\t\t<div class=\"elementor-carousel-image\" style=\"background-image: url(https:\/\/amaralematos.adv.br\/wp-content\/uploads\/2024\/08\/8.jpg)\">\n\t\t\t\t\t<\/div>\n\t\t<\/a>\t\t\t\t\t\t<\/div>\n\t\t\t\t\t\t\t\t\t\t\t<div class=\"swiper-slide\">\n\t\t\t\t\t\t\t<a href=\"https:\/\/www.amaralematos.adv.br\/?page_id=723\">\t\t<div class=\"elementor-carousel-image\" style=\"background-image: url(https:\/\/amaralematos.adv.br\/wp-content\/uploads\/2024\/08\/9.jpg)\">\n\t\t\t\t\t<\/div>\n\t\t<\/a>\t\t\t\t\t\t<\/div>\n\t\t\t\t\t\t\t\t\t\t\t<div class=\"swiper-slide\">\n\t\t\t\t\t\t\t<a href=\"https:\/\/www.amaralematos.adv.br\/?page_id=404\">\t\t<div class=\"elementor-carousel-image\" style=\"background-image: url(https:\/\/amaralematos.adv.br\/wp-content\/uploads\/2024\/08\/10.jpg)\">\n\t\t\t\t\t<\/div>\n\t\t<\/a>\t\t\t\t\t\t<\/div>\n\t\t\t\t\t\t\t\t\t\t\t<div class=\"swiper-slide\">\n\t\t\t\t\t\t\t<a href=\"https:\/\/www.amaralematos.adv.br\/?page_id=728\">\t\t<div class=\"elementor-carousel-image\" style=\"background-image: url(https:\/\/amaralematos.adv.br\/wp-content\/uploads\/2024\/08\/11.jpg)\">\n\t\t\t\t\t<\/div>\n\t\t<\/a>\t\t\t\t\t\t<\/div>\n\t\t\t\t\t\t\t\t\t<\/div>\n\t\t\t\t\t\t\t\t\t\t\t\t\t\t\t<div class=\"swiper-pagination\"><\/div>\n\t\t\t\t\t\t\t\t\t\t\t\t\t\t\t\t<div class=\"elementor-swiper-button elementor-swiper-button-prev\">\n\t\t\t\t\t\t\t<i class=\"eicon-chevron-left\" aria-hidden=\"true\"><\/i>\n\t\t\t\t\t\t\t<span class=\"elementor-screen-only\">Previous<\/span>\n\t\t\t\t\t\t<\/div>\n\t\t\t\t\t\t<div class=\"elementor-swiper-button elementor-swiper-button-next\">\n\t\t\t\t\t\t\t<i class=\"eicon-chevron-right\" aria-hidden=\"true\"><\/i>\n\t\t\t\t\t\t\t<span class=\"elementor-screen-only\">Next<\/span>\n\t\t\t\t\t\t<\/div>\n\t\t\t\t\t\t\t\t\t\t\t\t<\/div>\n\t\t<\/div>\n\t\t\t\t<\/div>\n\t\t\t\t<\/div>\n\t\t\t\t\t<\/div>\n\t\t<\/div>\n\t\t\t\t\t\t\t<\/div>\n\t\t<\/section>\n\t\t\t\t\t\t<\/div>\n\t\t\t\t\t<\/div>\n\t\t","protected":false},"excerpt":{"rendered":"<p>Assessoria e representa\u00e7\u00e3o em casos de div\u00f3rcio amig\u00e1vel ou litigioso (extrajudiciais ou judicial), guarda de filhos, regulamenta\u00e7\u00e3o de visitas, pens\u00e3o aliment\u00edcia, partilha de bens, reconhecimento e dissolu\u00e7\u00e3o de uni\u00e3o est\u00e1vel, e outras quest\u00f5es familiares.Realiza\u00e7\u00e3o de Planejamento Sucess\u00f3rio com estrat\u00e9gias jur\u00eddicas para organizar a transfer\u00eancia de bens e direitos de forma eficiente e segura, prevenindo lit\u00edgios [&hellip;]<\/p>\n","protected":false},"author":1,"featured_media":0,"parent":0,"menu_order":0,"comment_status":"closed","ping_status":"closed","template":"","meta":{"footnotes":""},"class_list":["post-693","page","type-page","status-publish","hentry"],"_links":{"self":[{"href":"https:\/\/amaralematos.adv.br\/index.php?rest_route=\/wp\/v2\/pages\/693","targetHints":{"allow":["GET"]}}],"collection":[{"href":"https:\/\/amaralematos.adv.br\/index.php?rest_route=\/wp\/v2\/pages"}],"about":[{"href":"https:\/\/amaralematos.adv.br\/index.php?rest_route=\/wp\/v2\/types\/page"}],"author":[{"embeddable":true,"href":"https:\/\/amaralematos.adv.br\/index.php?rest_route=\/wp\/v2\/users\/1"}],"replies":[{"embeddable":true,"href":"https:\/\/amaralematos.adv.br\/index.php?rest_route=%2Fwp%2Fv2%2Fcomments&post=693"}],"version-history":[{"count":25,"href":"https:\/\/amaralematos.adv.br\/index.php?rest_route=\/wp\/v2\/pages\/693\/revisions"}],"predecessor-version":[{"id":949,"href":"https:\/\/amaralematos.adv.br\/index.php?rest_route=\/wp\/v2\/pages\/693\/revisions\/949"}],"wp:attachment":[{"href":"https:\/\/amaralematos.adv.br\/index.php?rest_route=%2Fwp%2Fv2%2Fmedia&parent=693"}],"curies":[{"name":"wp","href":"https:\/\/api.w.org\/{rel}","templated":true}]}}